{"id":104,"date":"2019-04-02T08:06:41","date_gmt":"2019-04-02T08:06:41","guid":{"rendered":"https:\/\/demo.hellowp.io\/20\/?page_id=20533"},"modified":"2021-02-07T13:10:24","modified_gmt":"2021-02-07T13:10:24","slug":"mi-az-a-lorem-ipsum","status":"publish","type":"page","link":"http:\/\/ingatlanugyved.hu\/index.php\/mi-az-a-lorem-ipsum\/","title":{"rendered":"Mi az a lorem ipsum?"},"content":{"rendered":"\n<p>A <strong><em>lorem ipsum<\/em><\/strong> (r\u00f6viden: lipsum) egy latint ut\u00e1nz\u00f3 \u00f6sszef\u00fcgg\u0151 sz\u00f6veg, amelyet a nyomd\u00e1szatban \u00e9s az informatik\u00e1ban a bet\u0171t\u00edpusok, a tipogr\u00e1fia  \u00e9s az elrendez\u00e9s bemutat\u00e1s\u00e1ra haszn\u00e1lnak. Nagyszer\u0171s\u00e9ge abban rejlik,  hogy a gener\u00e1lt sz\u00f6vegben tal\u00e1lhat\u00f3 bet\u0171k \u00e9s bet\u0171k\u00f6z\u00f6k kombin\u00e1ci\u00f3j\u00e1ban  l\u00e1that\u00f3k a legszebben a bet\u0171t\u00edpusok fontosabb jellemz\u0151i, mint p\u00e9ld\u00e1ul a  vastags\u00e1g \u00e9s a minta. A lorem ipsum megjelenik a n\u00e9pszer\u0171 Microsoft Word dokumentumszerkeszt\u0151 program s\u00fag\u00f3j\u00e1ban is.<\/p>\n\n\n\n<h2 class=\"wp-block-heading\">Eredete<\/h2>\n\n\n\n<p>A sz\u00f6veget Cicero De finibus bonorum et malorum (\u201eA legf\u0151bb j\u00f3r\u00f3l \u00e9s rosszr\u00f3l\u201d) c\u00edm\u0171 m\u0171ve n\u00e9h\u00e1ny bekezd\u00e9s\u00e9nek v\u00e9letlenszer\u0171en \u00f6sszev\u00e1gott szavaib\u00f3l alak\u00edtott\u00e1k ki. Ebb\u0151l k\u00f6vetkez\u0151en nincs \u00e9rtelmes jelent\u00e9se, sokszor m\u00e9g maguknak a szavaknak sem (az elitnek \u00e9s az ullamc\u00f3nak p\u00e9ld\u00e1ul). Az eredeti bekezd\u00e9s \u00edgy kezd\u0151dik: Neque porro quisquam est qui dolorem ipsum quia dolor sit amet, consectetur, adipisci velit (\u201eSenki sem szereti a f\u00e1jdalmat \u00f6nmag\u00e1\u00e9rt, vagy t\u00f6rekedik hozz\u00e1jutni \u00e9s r\u00e9szesedni benne csak az\u00e9rt, mert az f\u00e1jdalom\u2026\u201d) L\u00e1that\u00f3, hogy a lipsum helyenk\u00e9nt \u00e9rtelmes szavakat v\u00e1g kett\u00e9, m\u00e1skor egyes\u00edti egym\u00e1s ut\u00e1n k\u00f6vetkez\u0151 szavak sz\u00f3tagjait, illetve hosszabb kihagy\u00e1sok ut\u00e1n \u00e9rtelmes mondatr\u00e9szeket illeszt be.<\/p>\n\n\n\n<p>Az 1500-as \u00e9vekben egy m\u00e1ig ismeretlen nyomd\u00e1sz latin vaksz\u00f6veget csin\u00e1lt a k\u00fcl\u00f6nb\u00f6z\u0151 nyomdai elrendez\u00e9sek bemutat\u00e1s\u00e1ra. A sz\u00f6veg eltorz\u00edtott latin volt, amit az\u00e9rt alkalmazott, mert az ember \u00f6nk\u00e9ntelen\u00fcl elkezdi olvasni a sz\u00e1m\u00e1ra \u00e9rtelmes sz\u00f6veget \u2013 \u00edgy nem tudva elvonatkoztatni att\u00f3l \u00e9s az elrendez\u00e9sre koncentr\u00e1lni. A sz\u00f6veg \u00edgy kezd\u0151d\u00f6tt: Lorem ipsum dolor sit amet, consectetur adipiscing elit. A vaksz\u00f6vegnek t\u00f6bb form\u00e1ja ismeretes, de az eredeti sz\u00e1rmaz\u00e1s\u00e1t sok\u00e1ig hom\u00e1ly fedte, m\u00edg Richard McClintock, a virginiai Hampden-Sydney College latin professzora r\u00e1 nem akadt Cicero szavaira a sz\u00f6vegben. A nem t\u00fal gyakori consectetur sz\u00f3t k\u00f6vetve r\u00e1j\u00f6tt, hogy a sz\u00f6vegr\u00e9sz Cicero Kr. e. 45-ben \u00edrt A legf\u0151bb j\u00f3 \u00e9s rosszr\u00f3l c\u00edm\u0171 m\u0171v\u00e9nek 1.10.32 \u00e9s 1.10.33-as szakasz\u00e1b\u00f3l sz\u00e1rmazik.<\/p>\n","protected":false},"excerpt":{"rendered":"<p>A lorem ipsum (r\u00f6viden: lipsum) egy latint ut\u00e1nz\u00f3 \u00f6sszef\u00fcgg\u0151 sz\u00f6veg, amelyet a nyomd\u00e1szatban \u00e9s az informatik\u00e1ban a bet\u0171t\u00edpusok, a tipogr\u00e1fia \u00e9s az elrendez\u00e9s bemutat\u00e1s\u00e1ra haszn\u00e1lnak. Nagyszer\u0171s\u00e9ge abban rejlik, hogy a gener\u00e1lt sz\u00f6vegben tal\u00e1lhat\u00f3 bet\u0171k \u00e9s bet\u0171k\u00f6z\u00f6k kombin\u00e1ci\u00f3j\u00e1ban l\u00e1that\u00f3k a legszebben a bet\u0171t\u00edpusok fontosabb jellemz\u0151i, mint p\u00e9ld\u00e1ul a vastags\u00e1g \u00e9s a minta. A lorem ipsum megjelenik [&hellip;]<\/p>\n","protected":false},"author":1,"featured_media":0,"parent":0,"menu_order":0,"comment_status":"closed","ping_status":"closed","template":"","meta":{"_et_pb_use_builder":"off","_et_pb_old_content":"","_et_gb_content_width":"","footnotes":""},"class_list":["post-104","page","type-page","status-publish","hentry"],"_links":{"self":[{"href":"http:\/\/ingatlanugyved.hu\/index.php\/wp-json\/wp\/v2\/pages\/104","targetHints":{"allow":["GET"]}}],"collection":[{"href":"http:\/\/ingatlanugyved.hu\/index.php\/wp-json\/wp\/v2\/pages"}],"about":[{"href":"http:\/\/ingatlanugyved.hu\/index.php\/wp-json\/wp\/v2\/types\/page"}],"author":[{"embeddable":true,"href":"http:\/\/ingatlanugyved.hu\/index.php\/wp-json\/wp\/v2\/users\/1"}],"replies":[{"embeddable":true,"href":"http:\/\/ingatlanugyved.hu\/index.php\/wp-json\/wp\/v2\/comments?post=104"}],"version-history":[{"count":1,"href":"http:\/\/ingatlanugyved.hu\/index.php\/wp-json\/wp\/v2\/pages\/104\/revisions"}],"predecessor-version":[{"id":412,"href":"http:\/\/ingatlanugyved.hu\/index.php\/wp-json\/wp\/v2\/pages\/104\/revisions\/412"}],"wp:attachment":[{"href":"http:\/\/ingatlanugyved.hu\/index.php\/wp-json\/wp\/v2\/media?parent=104"}],"curies":[{"name":"wp","href":"https:\/\/api.w.org\/{rel}","templated":true}]}}