{"id":125,"date":"2019-03-30T18:40:15","date_gmt":"2019-03-30T18:40:15","guid":{"rendered":"https:\/\/demo.hellowp.io\/20\/?page_id=17363"},"modified":"2021-02-07T13:10:26","modified_gmt":"2021-02-07T13:10:26","slug":"gyik-2","status":"publish","type":"page","link":"http:\/\/ingatlanugyved.hu\/index.php\/gyik-2\/","title":{"rendered":"GyIK"},"content":{"rendered":"<p>[et_pb_section fb_built=&#8221;1&#8243; _builder_version=&#8221;3.22.7&#8243; background_image=&#8221;http:\/\/ingatlanugyved.hu\/wp-content\/uploads\/2021\/02\/hatter-ewf2-1.jpg&#8221; custom_padding=&#8221;35px|0px|0|0px|false|false&#8221;][et_pb_row custom_padding=&#8221;27px|0px|0|0px|false|false&#8221; _builder_version=&#8221;3.22.3&#8243;][et_pb_column type=&#8221;4_4&#8243; _builder_version=&#8221;3.21.1&#8243;][et_pb_text _builder_version=&#8221;3.21.1&#8243; text_font=&#8221;||||||||&#8221; text_text_color=&#8221;#cc2002&#8243; text_font_size=&#8221;20px&#8221; header_font=&#8221;||||||||&#8221; header_text_color=&#8221;#ffffff&#8221; header_font_size=&#8221;45px&#8221;]<\/p>\n<h1>Gyakran Ism\u00e9telt K\u00e9rd\u00e9sek<\/h1>\n<p>Lorem ipsum dolor sit amet<\/p>\n<p>&nbsp;<\/p>\n<p>[\/et_pb_text][\/et_pb_column][\/et_pb_row][\/et_pb_section][et_pb_section fb_built=&#8221;1&#8243; _builder_version=&#8221;3.22.3&#8243; custom_padding=&#8221;90px|0px|90px|0px|true|false&#8221;][et_pb_row _builder_version=&#8221;3.22.3&#8243;][et_pb_column type=&#8221;4_4&#8243; _builder_version=&#8221;3.15&#8243;][et_pb_toggle title=&#8221;Excepteur sint occaecat cupidatat non proident ?&#8221; open=&#8221;on&#8221; open_toggle_text_color=&#8221;#cc2002&#8243; open_toggle_background_color=&#8221;rgba(0,0,0,0)&#8221; closed_toggle_text_color=&#8221;#000000&#8243; closed_toggle_background_color=&#8221;rgba(0,0,0,0)&#8221; icon_color=&#8221;rgba(0,0,0,0)&#8221; _builder_version=&#8221;3.21.1&#8243; title_font=&#8221;Nunito Sans|700|||||||&#8221; title_text_color=&#8221;#cc2002&#8243; title_font_size=&#8221;25px&#8221; body_font=&#8221;Nunito Sans||||||||&#8221; body_text_color=&#8221;#000000&#8243; body_font_size=&#8221;16px&#8221; body_line_height=&#8221;1.8em&#8221; background_color=&#8221;rgba(0,0,0,0)&#8221; border_width_all=&#8221;0px&#8221; border_width_bottom=&#8221;1px&#8221; border_color_bottom=&#8221;#e8e8e8&#8243; custom_padding=&#8221;0px||28px||false&#8221;]<\/p>\n<p>Lorem ipsum dolor sit amet, consectetur adipiscing elit, sed do eiusmod tempor incididunt ut labore et dolore magna aliqua. Ut enim ad minim veniam, quis nostrud exercitation ullamco laboris nisi ut aliquip ex ea commodo consequat. Duis aute irure dolor in reprehenderit in voluptate velit esse cillum dolore eu fugiat nulla pariatur. Excepteur sint occaecat cupidatat non proident, sunt in culpa qui officia deserunt mollit anim id est laborum.<\/p>\n<p>[\/et_pb_toggle][et_pb_toggle title=&#8221;Lorem ipsum dolor sit amet consectetur adipiscing elit sed ?&#8221; open_toggle_text_color=&#8221;#cc2002&#8243; open_toggle_background_color=&#8221;rgba(0,0,0,0)&#8221; closed_toggle_text_color=&#8221;#000000&#8243; closed_toggle_background_color=&#8221;rgba(0,0,0,0)&#8221; icon_color=&#8221;rgba(0,0,0,0)&#8221; _builder_version=&#8221;3.21.1&#8243; title_font=&#8221;Nunito Sans|700|||||||&#8221; title_text_color=&#8221;#cc2002&#8243; title_font_size=&#8221;25px&#8221; body_font=&#8221;Nunito Sans||||||||&#8221; body_text_color=&#8221;#000000&#8243; body_font_size=&#8221;16px&#8221; body_line_height=&#8221;1.8em&#8221; background_color=&#8221;rgba(0,0,0,0)&#8221; border_width_all=&#8221;0px&#8221; border_width_bottom=&#8221;1px&#8221; border_color_bottom=&#8221;#e8e8e8&#8243; custom_padding=&#8221;0px||28px||false&#8221;]<\/p>\n<p>Lorem ipsum dolor sit amet, consectetur adipiscing elit, sed do eiusmod tempor incididunt ut labore et dolore magna aliqua. Ut enim ad minim veniam, quis nostrud exercitation ullamco laboris nisi ut aliquip ex ea commodo consequat. Duis aute irure dolor in reprehenderit in voluptate velit esse cillum dolore eu fugiat nulla pariatur. Excepteur sint occaecat cupidatat non proident, sunt in culpa qui officia deserunt mollit anim id est laborum.<\/p>\n<p>[\/et_pb_toggle][et_pb_toggle title=&#8221;Ut enim ad minim veniam quis ?&#8221; open_toggle_text_color=&#8221;#cc2002&#8243; open_toggle_background_color=&#8221;rgba(0,0,0,0)&#8221; closed_toggle_text_color=&#8221;#000000&#8243; closed_toggle_background_color=&#8221;rgba(0,0,0,0)&#8221; icon_color=&#8221;rgba(0,0,0,0)&#8221; _builder_version=&#8221;3.21.1&#8243; title_font=&#8221;Nunito Sans|700|||||||&#8221; title_text_color=&#8221;#cc2002&#8243; title_font_size=&#8221;25px&#8221; body_font=&#8221;Nunito Sans||||||||&#8221; body_text_color=&#8221;#000000&#8243; body_font_size=&#8221;16px&#8221; body_line_height=&#8221;1.8em&#8221; background_color=&#8221;rgba(0,0,0,0)&#8221; border_width_all=&#8221;0px&#8221; border_width_bottom=&#8221;1px&#8221; border_color_bottom=&#8221;#e8e8e8&#8243; custom_padding=&#8221;0px||28px||false&#8221;]<\/p>\n<p>Lorem ipsum dolor sit amet, consectetur adipiscing elit, sed do eiusmod tempor incididunt ut labore et dolore magna aliqua. Ut enim ad minim veniam, quis nostrud exercitation ullamco laboris nisi ut aliquip ex ea commodo consequat. Duis aute irure dolor in reprehenderit in voluptate velit esse cillum dolore eu fugiat nulla pariatur. Excepteur sint occaecat cupidatat non proident, sunt in culpa qui officia deserunt mollit anim id est laborum.<\/p>\n<p>[\/et_pb_toggle][et_pb_toggle title=&#8221;Excepteur sint occaecat cupidatat non proident ?&#8221; open_toggle_text_color=&#8221;#cc2002&#8243; open_toggle_background_color=&#8221;rgba(0,0,0,0)&#8221; closed_toggle_text_color=&#8221;#000000&#8243; closed_toggle_background_color=&#8221;rgba(0,0,0,0)&#8221; icon_color=&#8221;rgba(0,0,0,0)&#8221; _builder_version=&#8221;3.21.1&#8243; title_font=&#8221;Nunito Sans|700|||||||&#8221; title_text_color=&#8221;#cc2002&#8243; title_font_size=&#8221;25px&#8221; body_font=&#8221;Nunito Sans||||||||&#8221; body_text_color=&#8221;#000000&#8243; body_font_size=&#8221;16px&#8221; body_line_height=&#8221;1.8em&#8221; background_color=&#8221;rgba(0,0,0,0)&#8221; border_width_all=&#8221;0px&#8221; border_width_bottom=&#8221;1px&#8221; border_color_bottom=&#8221;#e8e8e8&#8243; custom_padding=&#8221;0px||28px||false&#8221;]<\/p>\n<p>Lorem ipsum dolor sit amet, consectetur adipiscing elit, sed do eiusmod tempor incididunt ut labore et dolore magna aliqua. Ut enim ad minim veniam, quis nostrud exercitation ullamco laboris nisi ut aliquip ex ea commodo consequat. Duis aute irure dolor in reprehenderit in voluptate velit esse cillum dolore eu fugiat nulla pariatur. Excepteur sint occaecat cupidatat non proident, sunt in culpa qui officia deserunt mollit anim id est laborum.<\/p>\n<p>[\/et_pb_toggle][et_pb_toggle title=&#8221;Lorem ipsum dolor sit amet consectetur adipiscing elit sed ?&#8221; open_toggle_text_color=&#8221;#cc2002&#8243; open_toggle_background_color=&#8221;rgba(0,0,0,0)&#8221; closed_toggle_text_color=&#8221;#000000&#8243; closed_toggle_background_color=&#8221;rgba(0,0,0,0)&#8221; icon_color=&#8221;rgba(0,0,0,0)&#8221; _builder_version=&#8221;3.21.1&#8243; title_font=&#8221;Nunito Sans|700|||||||&#8221; title_text_color=&#8221;#cc2002&#8243; title_font_size=&#8221;25px&#8221; body_font=&#8221;Nunito Sans||||||||&#8221; body_text_color=&#8221;#000000&#8243; body_font_size=&#8221;16px&#8221; body_line_height=&#8221;1.8em&#8221; background_color=&#8221;rgba(0,0,0,0)&#8221; border_width_all=&#8221;0px&#8221; border_width_bottom=&#8221;1px&#8221; border_color_bottom=&#8221;#e8e8e8&#8243; custom_padding=&#8221;0px||28px||false&#8221;]<\/p>\n<p>Lorem ipsum dolor sit amet, consectetur adipiscing elit, sed do eiusmod tempor incididunt ut labore et dolore magna aliqua. Ut enim ad minim veniam, quis nostrud exercitation ullamco laboris nisi ut aliquip ex ea commodo consequat. Duis aute irure dolor in reprehenderit in voluptate velit esse cillum dolore eu fugiat nulla pariatur. Excepteur sint occaecat cupidatat non proident, sunt in culpa qui officia deserunt mollit anim id est laborum.<\/p>\n<p>[\/et_pb_toggle][et_pb_toggle title=&#8221;Ut enim ad minim veniam quis ?&#8221; open_toggle_text_color=&#8221;#cc2002&#8243; open_toggle_background_color=&#8221;rgba(0,0,0,0)&#8221; closed_toggle_text_color=&#8221;#000000&#8243; closed_toggle_background_color=&#8221;rgba(0,0,0,0)&#8221; icon_color=&#8221;rgba(0,0,0,0)&#8221; _builder_version=&#8221;3.21.1&#8243; title_font=&#8221;Nunito Sans|700|||||||&#8221; title_text_color=&#8221;#cc2002&#8243; title_font_size=&#8221;25px&#8221; body_font=&#8221;Nunito Sans||||||||&#8221; body_text_color=&#8221;#000000&#8243; body_font_size=&#8221;16px&#8221; body_line_height=&#8221;1.8em&#8221; background_color=&#8221;rgba(0,0,0,0)&#8221; border_width_all=&#8221;0px&#8221; border_width_bottom=&#8221;1px&#8221; border_color_bottom=&#8221;#e8e8e8&#8243; custom_padding=&#8221;0px||28px||false&#8221;]<\/p>\n<p>Lorem ipsum dolor sit amet, consectetur adipiscing elit, sed do eiusmod tempor incididunt ut labore et dolore magna aliqua. Ut enim ad minim veniam, quis nostrud exercitation ullamco laboris nisi ut aliquip ex ea commodo consequat. Duis aute irure dolor in reprehenderit in voluptate velit esse cillum dolore eu fugiat nulla pariatur. Excepteur sint occaecat cupidatat non proident, sunt in culpa qui officia deserunt mollit anim id est laborum.<\/p>\n<p>[\/et_pb_toggle][\/et_pb_column][\/et_pb_row][\/et_pb_section][et_pb_section fb_built=&#8221;1&#8243; _builder_version=&#8221;3.22.3&#8243; custom_padding=&#8221;0|0px|0|0px|false|false&#8221;][et_pb_row use_custom_gutter=&#8221;on&#8221; gutter_width=&#8221;1&#8243; custom_padding=&#8221;0|0px|0|0px|false|false&#8221; module_class=&#8221; et_pb_row_fullwidth&#8221; _builder_version=&#8221;3.22.3&#8243; width=&#8221;100%&#8221; width_tablet=&#8221;100%&#8221; width_last_edited=&#8221;on|desktop&#8221; max_width=&#8221;100%&#8221; max_width_tablet=&#8221;100%&#8221; max_width_last_edited=&#8221;on|desktop&#8221; make_fullwidth=&#8221;on&#8221;][et_pb_column type=&#8221;4_4&#8243; _builder_version=&#8221;3.21.1&#8243;][et_pb_image src=&#8221;https:\/\/cdn.hellowp.io\/wp-content\/uploads\/2019\/03\/company-2-lore2m.png&#8221; align=&#8221;center&#8221; _builder_version=&#8221;3.21.1&#8243;][\/et_pb_image][\/et_pb_column][\/et_pb_row][\/et_pb_section]<\/p>\n","protected":false},"excerpt":{"rendered":"<p>[et_pb_section fb_built=&#8221;1&#8243; _builder_version=&#8221;3.22.7&#8243; background_image=&#8221;http:\/\/ingatlanugyved.hu\/wp-content\/uploads\/2021\/02\/hatter-ewf2-1.jpg&#8221; custom_padding=&#8221;35px|0px|0|0px|false|false&#8221;][et_pb_row custom_padding=&#8221;27px|0px|0|0px|false|false&#8221; _builder_version=&#8221;3.22.3&#8243;][et_pb_column type=&#8221;4_4&#8243; _builder_version=&#8221;3.21.1&#8243;][et_pb_text _builder_version=&#8221;3.21.1&#8243; text_font=&#8221;||||||||&#8221; text_text_color=&#8221;#cc2002&#8243; text_font_size=&#8221;20px&#8221; header_font=&#8221;||||||||&#8221; header_text_color=&#8221;#ffffff&#8221; header_font_size=&#8221;45px&#8221;] Gyakran Ism\u00e9telt K\u00e9rd\u00e9sek Lorem ipsum dolor sit amet &nbsp; [\/et_pb_text][\/et_pb_column][\/et_pb_row][\/et_pb_section][et_pb_section fb_built=&#8221;1&#8243; _builder_version=&#8221;3.22.3&#8243; custom_padding=&#8221;90px|0px|90px|0px|true|false&#8221;][et_pb_row _builder_version=&#8221;3.22.3&#8243;][et_pb_column type=&#8221;4_4&#8243; _builder_version=&#8221;3.15&#8243;][et_pb_toggle title=&#8221;Excepteur sint occaecat cupidatat non proident ?&#8221; open=&#8221;on&#8221; open_toggle_text_color=&#8221;#cc2002&#8243; open_toggle_background_color=&#8221;rgba(0,0,0,0)&#8221; closed_toggle_text_color=&#8221;#000000&#8243; closed_toggle_background_color=&#8221;rgba(0,0,0,0)&#8221; icon_color=&#8221;rgba(0,0,0,0)&#8221; _builder_version=&#8221;3.21.1&#8243; title_font=&#8221;Nunito Sans|700|||||||&#8221; title_text_color=&#8221;#cc2002&#8243; title_font_size=&#8221;25px&#8221; body_font=&#8221;Nunito Sans||||||||&#8221; body_text_color=&#8221;#000000&#8243; body_font_size=&#8221;16px&#8221; body_line_height=&#8221;1.8em&#8221; [&hellip;]<\/p>\n","protected":false},"author":1,"featured_media":0,"parent":0,"menu_order":0,"comment_status":"closed","ping_status":"closed","template":"","meta":{"_et_pb_use_builder":"on","_et_pb_old_content":"","_et_gb_content_width":"","footnotes":""},"class_list":["post-125","page","type-page","status-publish","hentry"],"_links":{"self":[{"href":"http:\/\/ingatlanugyved.hu\/index.php\/wp-json\/wp\/v2\/pages\/125","targetHints":{"allow":["GET"]}}],"collection":[{"href":"http:\/\/ingatlanugyved.hu\/index.php\/wp-json\/wp\/v2\/pages"}],"about":[{"href":"http:\/\/ingatlanugyved.hu\/index.php\/wp-json\/wp\/v2\/types\/page"}],"author":[{"embeddable":true,"href":"http:\/\/ingatlanugyved.hu\/index.php\/wp-json\/wp\/v2\/users\/1"}],"replies":[{"embeddable":true,"href":"http:\/\/ingatlanugyved.hu\/index.php\/wp-json\/wp\/v2\/comments?post=125"}],"version-history":[{"count":1,"href":"http:\/\/ingatlanugyved.hu\/index.php\/wp-json\/wp\/v2\/pages\/125\/revisions"}],"predecessor-version":[{"id":433,"href":"http:\/\/ingatlanugyved.hu\/index.php\/wp-json\/wp\/v2\/pages\/125\/revisions\/433"}],"wp:attachment":[{"href":"http:\/\/ingatlanugyved.hu\/index.php\/wp-json\/wp\/v2\/media?parent=125"}],"curies":[{"name":"wp","href":"https:\/\/api.w.org\/{rel}","templated":true}]}}