{"id":164,"date":"2019-03-30T18:01:13","date_gmt":"2019-03-30T18:01:13","guid":{"rendered":"https:\/\/demo.hellowp.io\/20\/?page_id=17286"},"modified":"2021-02-07T13:10:27","modified_gmt":"2021-02-07T13:10:27","slug":"bankkartyas-fizetes-3","status":"publish","type":"page","link":"http:\/\/ingatlanugyved.hu\/index.php\/bankkartyas-fizetes-3\/","title":{"rendered":"Bankk\u00e1rty\u00e1s fizet\u00e9s"},"content":{"rendered":"\n<p>A weboldalon a v\u00e1s\u00e1rl\u00f3k bankk\u00e1rty\u00e1val is fizethetnek. Ezt m\u00e1r integr\u00e1ltuk, a v\u00e9gleges be\u00e1ll\u00edt\u00e1sa maximum 5-10 percet vesz ig\u00e9nybe!<\/p>\n\n\n\n<p><strong><u>A sz\u00fcks\u00e9ges be\u00e1ll\u00edt\u00e1sokr\u00f3l r\u00e9szletes le\u00edr\u00e1st kapsz.<\/u><\/strong><\/p>\n\n\n\n<h2 class=\"wp-block-heading\">Paylike bemutat\u00e1sa<\/h2>\n\n\n\n<p>Mi a HelloWP-n is a Paylike-ot haszn\u00e1ljuk. Ez nem v\u00e9letlen, hiszen a \nlegrugalmasabb c\u00e9g, akivel eddig egy\u00fctt dolgoztunk. An\u00e9lk\u00fcl megnyitj\u00e1k a\n sz\u00e1ml\u00e1nkat, hogy egy\u00e1ltal\u00e1n pap\u00edrokat k\u00fcldt\u00fcnk volna be. Term\u00e9szetesen \naddig nem fizetik ki a be\u00e9rkez\u0151 k\u00e1rty\u00e1s v\u00e1s\u00e1rl\u00e1sokat, am\u00edg nem \nazonos\u00edtottuk magunkat ill. a c\u00e9g\u00fcnket. Ez norm\u00e1lis, hiszen ellenkez\u0151 \nesetben t\u00f6rv\u00e9nytelen lenne. Az azonos\u00edt\u00e1s ut\u00e1n 1-2 nap m\u00e1r utalj\u00e1k is \nminden szerd\u00e1n automatikusan a be\u00e9rkezett \u00f6sszegeket.<\/p>\n\n\n\n<p>Nem sz\u00fcks\u00e9ges mindenf\u00e9le logokat kirakni, mint pl. a Barion \u00e9s Burgon eset\u00e9ben.<\/p>\n\n\n\n<h3 class=\"wp-block-heading\">K\u00f6lts\u00e9gei:<\/h3>\n\n\n\n<p><strong>A jutal\u00e9kuk 1,1% + 75 Ft. Ez is j\u00f3nak n\u00e9z ki.<\/strong><\/p>\n\n\n\n<p>\u00c1tl\u00e1that\u00f3 k\u00f6lts\u00e9gek, regisztr\u00e1ci\u00f3s \u00e9s havid\u00edj n\u00e9lk\u00fcl. Leegyszer\u0171s\u00edtett d\u00edjszab\u00e1s, hogy min\u00e9l \u00e9rthet\u0151bb legyen mindenki sz\u00e1m\u00e1ra.<\/p>\n\n\n\n<ul class=\"wp-block-list\"><li>Ingyenes regisztr\u00e1ci\u00f3<\/li><li>Havid\u00edj n\u00e9lk\u00fcli haszn\u00e1lat<\/li><li>Ingyenes visszat\u00e9r\u00edt\u00e9s (csak a 75 forint terhel\u00e9si d\u00edjat vesz\u00edti el)<\/li><li>Ingyenes \u00fcgyf\u00e9lszolg\u00e1lat<\/li><li>Azonnali valutav\u00e1lt\u00e1s (az \u00d6n kifizet\u00e9si p\u00e9nznem\u00e9re)<\/li><li><strong>Ingyenes elsz\u00e1mol\u00e1s b\u00e1rmely EU-s banksz\u00e1ml\u00e1ra<\/strong><\/li><\/ul>\n\n\n\n<p>Paylike\n fi\u00f3kkal lehet\u0151s\u00e9ged az \u00f6sszes Visa, Mastercard \u00e9s Maestro k\u00e1rty\u00e1t\u00edpus \nelfog\u00e1d\u00e1s\u00e1ra (Visa Electron, Visa-Dankort, c\u00e9ges bankk\u00e1rtya, bet\u00e9ti \nk\u00e1rtya, hitelk\u00e1rtya, stb.). A Mastercard SecureCode \u00e9s Verified by Visa \nszolg\u00e1ltat\u00e1sok be\u00e9p\u00edtett, ingyenes funkci\u00f3k\u00e9nt \u00e9rhet\u0151ek el.<\/p>\n\n\n\n<h3 class=\"wp-block-heading\">A Paylike el\u0151nyei:<\/h3>\n\n\n\n<p><strong>Pluginek<\/strong><br>\n Integr\u00e1lj an\u00e9lk\u00fcl, hogy ak\u00e1r egy sor k\u00f3dot is \u00edrt\u00e1l. Fedezze fel \nb\u0151v\u00edtm\u00e9nyeinket \u00e9s emelje v\u00e1llalkoz\u00e1s\u00e1t a k\u00f6vetkez\u0151 szintre kevesebb, \nmint 10 perc alatt!<\/p>\n\n\n\n<p><strong>3-D Secure<\/strong><br> A fizet\u00e9si \nablakunkhoz 3-D Secure szolg\u00e1ltat\u00e1st biztos\u00edtunk. A 3-D Secure \nszolg\u00e1ltat\u00e1s MasterCard-al \u00e9s Visa-val is haszn\u00e1lhat\u00f3. A 3-D Secure \nenged\u00e9lyez\u00e9s\u00e9vel k\u00e1rtya tranzakci\u00f3it biztons\u00e1gosabb\u00e1 teheti.<\/p>\n\n\n\n<p><strong>Egy\u00e9ni fizet\u00e9si \u0171rlap<\/strong><br>\n Tervezze meg 100%-ban fizet\u00e9si ablak\u00e1t. Megold\u00e1st k\u00edn\u00e1lunk r\u00e1, hogy \nl\u00e9trehozzon egyedi fizet\u00e9si \u0171rlapot, an\u00e9lk\u00fcl, hogy k\u00e1rtya adatok \nt\u00e1rol\u00e1s\u00e1val kellene foglalkoznia szerver\u00e9n.<\/p>\n\n\n\n<p><strong>Azonnali kezd\u00e9s<\/strong><br>\n Regisztr\u00e1ljon e-mail c\u00edm\u00e9vel \u00e9s azonnal fogadhat fizet\u00e9seket. Nincs \nv\u00e1rakoz\u00e1si id\u0151. A h\u00e1tt\u00e9rben v\u00e9gezz\u00fck ellen\u0151rz\u00e9seinket, hogy \nj\u00f3v\u00e1hagyhassuk tranzakci\u00f3it.<\/p>\n\n\n\n<p><strong>Dinamikus le\u00edr\u00f3<\/strong><br> \nTranzakci\u00f3nk\u00e9nt szem\u00e9lyre szabhatja az \u00fcgyfelei banksz\u00e1mlakivonat\u00e1n \nmegjelen\u0151 sz\u00f6veget. P\u00e9ld\u00e1ul megrendel\u00e9si azonos\u00edt\u00f3 hozz\u00e1ad\u00e1s\u00e1val, ezzel \nszolg\u00e1ltatva referenci\u00e1t \u00e9s jobb \u00fcgyf\u00e9lszolg\u00e1latot v\u00e1s\u00e1rl\u00f3inak.<\/p>\n\n\n\n<p><strong>Ism\u00e9tl\u0151d\u0151 fizet\u00e9sek\/ el\u0151fizet\u00e9sek<\/strong><br>\n K\u00f6nnyed\u00e9n v\u00e9gezhet ism\u00e9tl\u0151d\u0151 tranzakci\u00f3kat API-on vagy az egyik \nb\u0151v\u00edtm\u00e9ny\u00fcnk\u00f6n kereszt\u00fcl. A k\u00e1rtya adatok t\u00e1rol\u00e1sa \u00e9s az ism\u00e9tl\u0151d\u0151 \n\u00e1tutal\u00e1sok nem j\u00e1rnak extra k\u00f6lts\u00e9gekkel.<\/p>\n\n\n\n<p><strong>Testreszabhat\u00f3s\u00e1g<\/strong><br>\n Hozzon l\u00e9tre egy\u00e9ni le\u00edr\u00e1st \u00e9s ak\u00e1r saj\u00e1t fizet\u00e9si \u0171rlapot. A funkci\u00f3 \nnem j\u00e1r extra k\u00f6lts\u00e9gekkel \u00e9s \u00f6r\u00f6mmel seg\u00edt\u00fcnk a folyamat b\u00e1rmely \npontj\u00e1n.<\/p>\n\n\n\n<p><strong>Gy\u00f6ny\u00f6r\u0171 fizet\u00e9si ablak<\/strong><br> A gy\u00f6ny\u00f6r\u0171 \n\u00e9s reszponz\u00edv felugr\u00f3 fizet\u00e9si ablakkal azonnal fogadhat \u00e1tutal\u00e1sokat. A\n teljes m\u00e9rt\u00e9kben a konverzi\u00f3s r\u00e1t\u00e1ra optimaliz\u00e1lt szolg\u00e1ltat\u00e1sunkkal \njelent\u0151s el\u0151nyre tehet szert versenyt\u00e1rsaival szemben.<\/p>\n\n\n\n<p><strong>Sz\u00e1ml\u00e1zzon \u00fcgyfeleinek b\u00e1rmilyen p\u00e9nznemben<\/strong><br>\n \u00dcgyfelei a saj\u00e1t p\u00e9nznem\u00fckben fizethetnek, ezzel jav\u00edtva konverzi\u00f3it. \nSzinte b\u00e1rmilyen l\u00e9tez\u0151 p\u00e9nzemet t\u00e1mogatunk. A valutav\u00e1lt\u00e1s a h\u00e1tt\u00e9rben \nt\u00f6rt\u00e9nik az \u00d6n \u00e1ltal v\u00e1lasztott kifizet\u00e9si p\u00e9nznemre.<\/p>\n\n\n\n<p><strong>K\u00e1rtya tokeniz\u00e1l\u00e1s<\/strong><br>\n K\u00e1rtya tokeniz\u00e1l\u00e1st is t\u00e1mogatunk, hogy \u00d6n biztons\u00e1gosan t\u00e1rolhasson \nk\u00e1rtya adatokat k\u00e9s\u0151bbi haszn\u00e1latra, p\u00e9ld\u00e1ul el\u0151fizet\u00e9sek eset\u00e9n. A \ntokeniz\u00e1l\u00e1s haszn\u00e1lata, a val\u00f3s k\u00e1rtya adatok t\u00e1rol\u00e1s\u00e1val szemben, \nn\u00f6veli a biztons\u00e1got \u00e9s cs\u00f6kkenti PCI foglalts\u00e1g\u00e1t.<\/p>\n\n\n\n<p><strong>Fizet\u00e9si linkek<\/strong><br>\n Hozzon l\u00e9tre fizet\u00e9si linket, hogy fogadhasson kifizet\u00e9seket \n\u00fcgyfeleit\u0151l, p\u00e9ld\u00e1ul e-mailen vagy sz\u00e1ml\u00e1n kereszt\u00fcl. K\u00e9sz\u00edtse el a \nlinket k\u00f6zvetlen\u00fcl a m\u0171szerfalon fizet\u00e9si link \u0171rlapunk haszn\u00e1lat\u00e1val.<\/p>\n\n\n\n<p><strong>Virtu\u00e1lis POS<\/strong><br>\n L\u00e9trehoztunk egy b\u00e1rhol alkalmazhat\u00f3, gy\u00f6ny\u00f6r\u0171 virtu\u00e1lis POS-t. \nHaszn\u00e1lhatja tableten val\u00f3 v\u00e1s\u00e1rl\u00e1sokn\u00e1l, b\u00fator \u00e1ruh\u00e1z\u00e1ban vagy ak\u00e1r \nj\u00e9gkr\u00e9met \u00e1rulva a tengerparton.<\/p>\n\n\n\n<p><strong>13 kifizet\u00e9si p\u00e9nznem<\/strong><br>\n Kifizet\u00e9seit 13 k\u00fcl\u00f6nb\u00f6z\u0151 p\u00e9nznemben v\u00e1laszthatja: EUR, USD, GBP, DKK, \nNOK, SEK, CHF, HUF, PLN, RON, CZK, BGN \u00e9s HRK. V\u00e1s\u00e1rl\u00f3it\u00f3l b\u00e1rmely Visa \n\u00e9s Mastercard \u00e1ltal t\u00e1mogatott valut\u00e1ban fogadhat tranzakci\u00f3kat.<\/p>\n\n\n\n<p><strong>Heti elsz\u00e1mol\u00e1s<\/strong><br>\n Elsz\u00e1mol\u00e1sait minden h\u00e9ten fogadhatja. Az \u00d6n \u00e1ltal kiv\u00e1lasztott EU-n \nbel\u00fcli banksz\u00e1ml\u00e1ra szerd\u00e1nk\u00e9nt utaljuk kifizet\u00e9seit. M\u00e1s elsz\u00e1mol\u00e1si \nfelt\u00e9telek is alkalmazhat\u00f3k a v\u00e1llalkoz\u00e1s\u00e1t\u00f3l f\u00fcgg\u0151en.<\/p>\n\n\n\n<p><strong>Teljes sandbox k\u00f6rnyezet<\/strong><br>\n Ingyenes \u00e9s teljes sandbox k\u00f6rnyezet, 1: 1-es parit\u00e1ssal. Pr\u00f3b\u00e1ljon ki \nminden funkci\u00f3t egy ingyenes pr\u00f3basz\u00e1ml\u00e1val \u00e9s integr\u00e1ci\u00f3ja m\u0171k\u00f6d\u00e9sbe \nl\u00e9p, amint val\u00f3s tranzakci\u00f3kra v\u00e1lt.<\/p>\n\n\n\n<p><strong>T\u00f6bbnyelv\u0171 \u00fcgyf\u00e9lszolg\u00e1lat<\/strong><br>\n A felugr\u00f3 fizet\u00e9si ablak t\u00f6bb, mint 10 eur\u00f3pai nyelven \u00e9rhet\u0151 el \u00e9s a \nlista folyamatosan b\u0151v\u00fcl. Elengedhetetlen, hogy fizet\u00e9skor \u00fcgyfelei \nmegtal\u00e1lj\u00e1k a sz\u00fcks\u00e9ges inform\u00e1ci\u00f3kat saj\u00e1t anyanyelv\u00fck\u00f6n.<\/p>\n","protected":false},"excerpt":{"rendered":"<p>A weboldalon a v\u00e1s\u00e1rl\u00f3k bankk\u00e1rty\u00e1val is fizethetnek. Ezt m\u00e1r integr\u00e1ltuk, a v\u00e9gleges be\u00e1ll\u00edt\u00e1sa maximum 5-10 percet vesz ig\u00e9nybe! A sz\u00fcks\u00e9ges be\u00e1ll\u00edt\u00e1sokr\u00f3l r\u00e9szletes le\u00edr\u00e1st kapsz. Paylike bemutat\u00e1sa Mi a HelloWP-n is a Paylike-ot haszn\u00e1ljuk. Ez nem v\u00e9letlen, hiszen a legrugalmasabb c\u00e9g, akivel eddig egy\u00fctt dolgoztunk. An\u00e9lk\u00fcl megnyitj\u00e1k a sz\u00e1ml\u00e1nkat, hogy egy\u00e1ltal\u00e1n pap\u00edrokat k\u00fcldt\u00fcnk volna be. Term\u00e9szetesen [&hellip;]<\/p>\n","protected":false},"author":1,"featured_media":0,"parent":0,"menu_order":0,"comment_status":"closed","ping_status":"closed","template":"","meta":{"_et_pb_use_builder":"off","_et_pb_old_content":"","_et_gb_content_width":"","footnotes":""},"class_list":["post-164","page","type-page","status-publish","hentry"],"_links":{"self":[{"href":"http:\/\/ingatlanugyved.hu\/index.php\/wp-json\/wp\/v2\/pages\/164","targetHints":{"allow":["GET"]}}],"collection":[{"href":"http:\/\/ingatlanugyved.hu\/index.php\/wp-json\/wp\/v2\/pages"}],"about":[{"href":"http:\/\/ingatlanugyved.hu\/index.php\/wp-json\/wp\/v2\/types\/page"}],"author":[{"embeddable":true,"href":"http:\/\/ingatlanugyved.hu\/index.php\/wp-json\/wp\/v2\/users\/1"}],"replies":[{"embeddable":true,"href":"http:\/\/ingatlanugyved.hu\/index.php\/wp-json\/wp\/v2\/comments?post=164"}],"version-history":[{"count":1,"href":"http:\/\/ingatlanugyved.hu\/index.php\/wp-json\/wp\/v2\/pages\/164\/revisions"}],"predecessor-version":[{"id":448,"href":"http:\/\/ingatlanugyved.hu\/index.php\/wp-json\/wp\/v2\/pages\/164\/revisions\/448"}],"wp:attachment":[{"href":"http:\/\/ingatlanugyved.hu\/index.php\/wp-json\/wp\/v2\/media?parent=164"}],"curies":[{"name":"wp","href":"https:\/\/api.w.org\/{rel}","templated":true}]}}