{"id":197,"date":"2019-03-23T13:44:46","date_gmt":"2019-03-23T13:44:46","guid":{"rendered":"https:\/\/demo.hellowp.io\/20\/?page_id=22"},"modified":"2021-02-07T13:10:30","modified_gmt":"2021-02-07T13:10:30","slug":"szolgaltatasok","status":"publish","type":"page","link":"http:\/\/ingatlanugyved.hu\/index.php\/szolgaltatasok\/","title":{"rendered":"Szolg\u00e1ltat\u00e1sok"},"content":{"rendered":"<p>[et_pb_section fb_built=&#8221;1&#8243; _builder_version=&#8221;3.22.7&#8243; background_image=&#8221;http:\/\/ingatlanugyved.hu\/wp-content\/uploads\/2021\/02\/hatter-ewf2.jpg&#8221; custom_padding=&#8221;35px|0px|0|0px|false|false&#8221;][et_pb_row custom_padding=&#8221;27px|0px|0|0px|false|false&#8221; _builder_version=&#8221;3.22.3&#8243;][et_pb_column type=&#8221;4_4&#8243; _builder_version=&#8221;3.21.1&#8243;][et_pb_text _builder_version=&#8221;3.21.1&#8243; text_font=&#8221;||||||||&#8221; text_text_color=&#8221;#cc2002&#8243; text_font_size=&#8221;20px&#8221; header_font=&#8221;||||||||&#8221; header_text_color=&#8221;#ffffff&#8221; header_font_size=&#8221;45px&#8221;]<\/p>\n<h1>Szolg\u00e1ltat\u00e1sok<\/h1>\n<p>Lorem ipsum dolor sit amet<\/p>\n<p>&nbsp;<\/p>\n<p>[\/et_pb_text][\/et_pb_column][\/et_pb_row][\/et_pb_section][et_pb_section fb_built=&#8221;1&#8243; _builder_version=&#8221;3.22.3&#8243; parallax=&#8221;on&#8221; border_color_bottom=&#8221;#e8e8e8&#8243; custom_padding=&#8221;45px|0px|45px|0px|true|false&#8221;][et_pb_row use_custom_gutter=&#8221;on&#8221; gutter_width=&#8221;2&#8243; custom_padding=&#8221;27px|0px|15px|0px|false|false&#8221; make_equal=&#8221;on&#8221; _builder_version=&#8221;3.22.3&#8243;][et_pb_column type=&#8221;1_2&#8243; _builder_version=&#8221;3.17.1&#8243;][et_pb_text admin_label=&#8221;Text h1 header&#8221; _builder_version=&#8221;3.0.89&#8243; header_font=&#8221;|700|||||||&#8221; header_font_size=&#8221;35px&#8221; header_font_size_tablet=&#8221;33px&#8221; header_font_size_phone=&#8221;27px&#8221; header_font_size_last_edited=&#8221;on|phone&#8221; custom_margin=&#8221;||20px|&#8221;]<\/p>\n<h1>Lorem ipsum dolor sit<\/h1>\n<p>[\/et_pb_text][et_pb_text _builder_version=&#8221;3.21.1&#8243;]<\/p>\n<p>Lorem ipsum dolor sit amet, consectetur adipiscing elit. Morbi gravida sollicitudin egestas. Ut lobortis eros vitae mauris cursus, vel faucibus turpis volutpat. Duis aliquam eu nibh non molestie. Sed pretium sit amet tellus eu pellentesque. In sed dictum quam<\/p>\n<blockquote>\n<p>Pellentesque sed maximus massa. Praesent dui leo, elementum et ipsum sed, aliquet gravida sapien. Curabitur libero turpis, hendrerit in libero quis, ullamcorper consequat leo. Nulla in consectetur ante.<\/p>\n<\/blockquote>\n<p>Sed sed arcu at mi fringilla pellentesque at quis metus. Maecenas lacinia efficitur libero, sed congue risus eleifend quis. Cras lectus elit, fringilla eget erat vel, euismod gravida lacus. Nunc neque ex, ultricies non aliquet in, pretium rhoncus tellus. Curabitur at odio consequat, varius est nec, gravida elit.\u00a0<\/p>\n<p>[\/et_pb_text][\/et_pb_column][et_pb_column type=&#8221;1_6&#8243; _builder_version=&#8221;3.17.1&#8243;][et_pb_blurb image=&#8221;https:\/\/cdn.hellowp.io\/wp-content\/uploads\/2019\/03\/company-24-1.png&#8221; image_max_width=&#8221;36px&#8221; _builder_version=&#8221;3.21.1&#8243; header_font=&#8221;Muli|700|||||||&#8221; header_text_align=&#8221;center&#8221; header_text_color=&#8221;#ffffff&#8221; header_font_size=&#8221;20px&#8221; body_font=&#8221;Poppins||||||||&#8221; body_text_align=&#8221;center&#8221; body_text_color=&#8221;#262626&#8243; body_font_size=&#8221;18px&#8221; body_line_height=&#8221;1.8em&#8221; background_color=&#8221;#f4f4f4&#8243; border_radii=&#8221;on|5px|5px|5px|5px&#8221; border_color_all=&#8221;#cc2002&#8243; custom_margin=&#8221;||32px&#8221; custom_padding=&#8221;35px|31px|25px|31px|false|true&#8221; animation=&#8221;off&#8221; transform_styles__hover_enabled=&#8221;on&#8221; transform_scale__hover_enabled=&#8221;on&#8221; transform_translate__hover_enabled=&#8221;on&#8221; transform_rotate__hover_enabled=&#8221;on&#8221; transform_skew__hover_enabled=&#8221;on&#8221; transform_origin__hover_enabled=&#8221;on&#8221; transform_scale__hover=&#8221;115%|115%&#8221;]<\/p>\n<p>Lorem ips<\/p>\n<p>[\/et_pb_blurb][et_pb_blurb image=&#8221;https:\/\/cdn.hellowp.io\/wp-content\/uploads\/2019\/03\/company-24-4.png&#8221; image_max_width=&#8221;36px&#8221; _builder_version=&#8221;3.21.1&#8243; header_font=&#8221;Muli|700|||||||&#8221; header_text_align=&#8221;center&#8221; header_text_color=&#8221;#ffffff&#8221; header_font_size=&#8221;20px&#8221; body_font=&#8221;Poppins||||||||&#8221; body_text_align=&#8221;center&#8221; body_text_color=&#8221;#262626&#8243; body_font_size=&#8221;18px&#8221; body_line_height=&#8221;1.8em&#8221; background_color=&#8221;#f4f4f4&#8243; border_radii=&#8221;on|5px|5px|5px|5px&#8221; border_color_all=&#8221;#cc2002&#8243; custom_margin=&#8221;33px||32px&#8221; custom_padding=&#8221;35px|31px|25px|31px|false|true&#8221; animation=&#8221;off&#8221; transform_styles__hover_enabled=&#8221;on&#8221; transform_scale__hover=&#8221;115%|115%&#8221; transform_scale__hover_enabled=&#8221;on&#8221; transform_translate__hover_enabled=&#8221;on&#8221; transform_rotate__hover_enabled=&#8221;on&#8221; transform_skew__hover_enabled=&#8221;on&#8221; transform_origin__hover_enabled=&#8221;on&#8221;]<\/p>\n<p>Lorem ips<\/p>\n<p>[\/et_pb_blurb][\/et_pb_column][et_pb_column type=&#8221;1_6&#8243; _builder_version=&#8221;3.17.1&#8243;][et_pb_blurb image=&#8221;https:\/\/cdn.hellowp.io\/wp-content\/uploads\/2019\/03\/company-24-2.png&#8221; image_max_width=&#8221;36px&#8221; _builder_version=&#8221;3.21.1&#8243; header_font=&#8221;Muli|700|||||||&#8221; header_text_align=&#8221;center&#8221; header_text_color=&#8221;#ffffff&#8221; header_font_size=&#8221;20px&#8221; body_font=&#8221;Poppins||||||||&#8221; body_text_align=&#8221;center&#8221; body_text_color=&#8221;#262626&#8243; body_font_size=&#8221;18px&#8221; body_line_height=&#8221;1.8em&#8221; background_color=&#8221;#f4f4f4&#8243; border_radii=&#8221;on|5px|5px|5px|5px&#8221; border_color_all=&#8221;#cc2002&#8243; custom_margin=&#8221;||32px&#8221; custom_padding=&#8221;35px|31px|25px|31px|false|true&#8221; animation=&#8221;off&#8221; transform_styles__hover_enabled=&#8221;on&#8221; transform_scale__hover=&#8221;115%|115%&#8221; transform_scale__hover_enabled=&#8221;on&#8221; transform_translate__hover_enabled=&#8221;on&#8221; transform_rotate__hover_enabled=&#8221;on&#8221; transform_skew__hover_enabled=&#8221;on&#8221; transform_origin__hover_enabled=&#8221;on&#8221;]<\/p>\n<p>Lorem ips<\/p>\n<p>[\/et_pb_blurb][et_pb_blurb image=&#8221;https:\/\/cdn.hellowp.io\/wp-content\/uploads\/2019\/03\/company-24-5.png&#8221; image_max_width=&#8221;36px&#8221; _builder_version=&#8221;3.21.1&#8243; header_font=&#8221;Muli|700|||||||&#8221; header_text_align=&#8221;center&#8221; header_text_color=&#8221;#ffffff&#8221; header_font_size=&#8221;20px&#8221; body_font=&#8221;Poppins||||||||&#8221; body_text_align=&#8221;center&#8221; body_text_color=&#8221;#262626&#8243; body_font_size=&#8221;18px&#8221; body_line_height=&#8221;1.8em&#8221; background_color=&#8221;#f4f4f4&#8243; border_radii=&#8221;on|5px|5px|5px|5px&#8221; border_color_all=&#8221;#cc2002&#8243; custom_margin=&#8221;33px||32px&#8221; custom_padding=&#8221;35px|31px|25px|31px|false|true&#8221; animation=&#8221;off&#8221; transform_styles__hover_enabled=&#8221;on&#8221; transform_scale__hover=&#8221;115%|115%&#8221; transform_scale__hover_enabled=&#8221;on&#8221; transform_translate__hover_enabled=&#8221;on&#8221; transform_rotate__hover_enabled=&#8221;on&#8221; transform_skew__hover_enabled=&#8221;on&#8221; transform_origin__hover_enabled=&#8221;on&#8221;]<\/p>\n<p>Lorem ips<\/p>\n<p>[\/et_pb_blurb][\/et_pb_column][et_pb_column type=&#8221;1_6&#8243; _builder_version=&#8221;3.17.1&#8243;][et_pb_blurb image=&#8221;https:\/\/cdn.hellowp.io\/wp-content\/uploads\/2019\/03\/company-24-3.png&#8221; image_max_width=&#8221;36px&#8221; _builder_version=&#8221;3.21.1&#8243; header_font=&#8221;Muli|700|||||||&#8221; header_text_align=&#8221;center&#8221; header_text_color=&#8221;#ffffff&#8221; header_font_size=&#8221;20px&#8221; body_font=&#8221;Poppins||||||||&#8221; body_text_align=&#8221;center&#8221; body_text_color=&#8221;#262626&#8243; body_font_size=&#8221;18px&#8221; body_line_height=&#8221;1.8em&#8221; background_color=&#8221;#f4f4f4&#8243; border_radii=&#8221;on|5px|5px|5px|5px&#8221; border_color_all=&#8221;#cc2002&#8243; custom_margin=&#8221;||32px&#8221; custom_padding=&#8221;35px|31px|25px|31px|false|true&#8221; animation=&#8221;off&#8221; transform_styles__hover_enabled=&#8221;on&#8221; transform_scale__hover=&#8221;115%|115%&#8221; transform_scale__hover_enabled=&#8221;on&#8221; transform_translate__hover_enabled=&#8221;on&#8221; transform_rotate__hover_enabled=&#8221;on&#8221; transform_skew__hover_enabled=&#8221;on&#8221; transform_origin__hover_enabled=&#8221;on&#8221;]<\/p>\n<p>Lorem ips<\/p>\n<p>[\/et_pb_blurb][et_pb_blurb image=&#8221;https:\/\/cdn.hellowp.io\/wp-content\/uploads\/2019\/03\/company-24-6.png&#8221; image_max_width=&#8221;36px&#8221; _builder_version=&#8221;3.21.1&#8243; header_font=&#8221;Muli|700|||||||&#8221; header_text_align=&#8221;center&#8221; header_text_color=&#8221;#ffffff&#8221; header_font_size=&#8221;20px&#8221; body_font=&#8221;Poppins||||||||&#8221; body_text_align=&#8221;center&#8221; body_text_color=&#8221;#262626&#8243; body_font_size=&#8221;18px&#8221; body_line_height=&#8221;1.8em&#8221; background_color=&#8221;#f4f4f4&#8243; border_radii=&#8221;on|5px|5px|5px|5px&#8221; border_color_all=&#8221;#cc2002&#8243; custom_margin=&#8221;33px||32px&#8221; custom_padding=&#8221;35px|31px|25px|31px|false|true&#8221; animation=&#8221;off&#8221; transform_styles__hover_enabled=&#8221;on&#8221; transform_scale__hover=&#8221;115%|115%&#8221; transform_scale__hover_enabled=&#8221;on&#8221; transform_translate__hover_enabled=&#8221;on&#8221; transform_rotate__hover_enabled=&#8221;on&#8221; transform_skew__hover_enabled=&#8221;on&#8221; transform_origin__hover_enabled=&#8221;on&#8221;]<\/p>\n<p>Lorem ips<\/p>\n<p>[\/et_pb_blurb][\/et_pb_column][\/et_pb_row][\/et_pb_section][et_pb_section fb_built=&#8221;1&#8243; specialty=&#8221;on&#8221; custom_padding_last_edited=&#8221;off|desktop&#8221; admin_label=&#8221;Footer&#8221; _builder_version=&#8221;3.22.3&#8243; background_color_gradient_direction=&#8221;90deg&#8221; custom_padding=&#8221;0|0px|0|0px|true|false&#8221; custom_padding_phone=&#8221;50px||50px||true&#8221; saved_tabs=&#8221;all&#8221;][et_pb_column type=&#8221;1_2&#8243; specialty_columns=&#8221;2&#8243; _builder_version=&#8221;3.0.47&#8243;][et_pb_row_inner custom_padding=&#8221;|||20px&#8221; make_equal=&#8221;on&#8221; _builder_version=&#8221;3.21.1&#8243; border_width_left=&#8221;6px&#8221; border_color_left=&#8221;#cc2002&#8243;][et_pb_column_inner type=&#8221;4_4&#8243; saved_specialty_column_type=&#8221;1_2&#8243; _builder_version=&#8221;3.0.47&#8243;][et_pb_text admin_label=&#8221;1&#8243; _builder_version=&#8221;3.21.1&#8243; header_2_font=&#8221;Poppins|700||on|||||&#8221; header_2_text_color=&#8221;#262626&#8243; header_2_font_size=&#8221;60px&#8221; header_2_font_size_phone=&#8221;25px&#8221; header_2_font_size_last_edited=&#8221;on|phone&#8221; header_2_letter_spacing=&#8221;1px&#8221; header_2_line_height=&#8221;1.3em&#8221; header_6_font=&#8221;Poppins|||on|||||&#8221; header_6_text_color=&#8221;#cc2002&#8243; header_6_font_size=&#8221;16px&#8221; header_6_letter_spacing=&#8221;2px&#8221; header_6_letter_spacing_phone=&#8221;0px&#8221; header_6_letter_spacing_last_edited=&#8221;on|desktop&#8221; header_6_line_height=&#8221;1.8em&#8221; background_layout=&#8221;dark&#8221; custom_margin=&#8221;|||&#8221; custom_padding=&#8221;|||&#8221; locked=&#8221;off&#8221;]<\/p>\n<h6>Lorem ipsum dolor<\/h6>\n<h2>Aj\u00e1nlatk\u00e9r\u00e9s<\/h2>\n<p>[\/et_pb_text][et_pb_text _builder_version=&#8221;3.21.1&#8243;]Lorem ipsum dolor sit amet, consectetur adipiscing elit. Morbi gravida sollicitudin egestas. Ut lobortis eros vitae mauris cursus, vel faucibus turpis volutpat. Duis aliquam eu nibh non molestie. Sed pretium sit amet tellus eu pellentesque. In sed dictum quam<\/p>\n<p>Pellentesque sed maximus massa. Praesent dui leo, elementum et ipsum sed, aliquet gravida sapien. Curabitur libero turpis, hendrerit in libero quis, ullamcorper consequat leo. Nulla in consectetur ante.<\/p>\n<p>Sed sed arcu at mi fringilla pellentesque at quis metus. Maecenas lacinia efficitur libero, sed congue risus eleifend quis. Cras lectus elit, fringilla eget erat vel, euismod gravida lacus. Nunc neque ex, ultricies non aliquet in, pretium rhoncus tellus. Curabitur at odio consequat, varius est nec, gravida elit.[\/et_pb_text][\/et_pb_column_inner][\/et_pb_row_inner][\/et_pb_column][et_pb_column type=&#8221;1_2&#8243; _builder_version=&#8221;3.0.47&#8243;][et_pb_contact_form captcha=&#8221;off&#8221; submit_button_text=&#8221;\u00dcZENET ELK\u00dcLD\u00c9E&#8221; form_background_color=&#8221;rgba(0,0,0,0)&#8221; module_id=&#8221;et_pb_contact_form_0&#8243; _builder_version=&#8221;3.21.1&#8243; form_field_font=&#8221;Muli||||||||&#8221; form_field_text_color=&#8221;#000000&#8243; form_field_font_size=&#8221;16px&#8221; form_field_line_height=&#8221;1.8em&#8221; background_color=&#8221;#f7f7f7&#8243; border_radii=&#8221;on|5px|5px|5px|5px&#8221; border_width_all=&#8221;1px&#8221; border_color_all=&#8221;#d8d8d8&#8243; custom_button=&#8221;on&#8221; button_text_size=&#8221;15px&#8221; button_text_color=&#8221;#ffffff&#8221; button_bg_color=&#8221;#cc2002&#8243; button_border_width=&#8221;9px&#8221; button_border_color=&#8221;#cc2002&#8243; button_border_radius=&#8221;100px&#8221; button_font=&#8221;Poppins|600|||||||&#8221; button_icon=&#8221;%%3%%&#8221; button_on_hover=&#8221;off&#8221; custom_padding=&#8221;60px|50px|60px|50px|true|true&#8221; button_text_color_hover=&#8221;#ffffff&#8221; button_bg_color_hover=&#8221;#3FA2F7 &#8221; button_border_color_hover=&#8221;#3FA2F7 &#8221; button_text_size__hover_enabled=&#8221;off&#8221; button_text_color__hover=&#8221;#ffffff&#8221; button_text_color__hover_enabled=&#8221;on&#8221; button_bg_color__hover=&#8221;#262626&#8243; button_bg_color__hover_enabled=&#8221;on&#8221; button_border_width__hover_enabled=&#8221;off&#8221; button_border_color__hover=&#8221;#262626&#8243; button_border_color__hover_enabled=&#8221;on&#8221; button_border_radius__hover_enabled=&#8221;off&#8221; button_letter_spacing__hover_enabled=&#8221;off&#8221;][et_pb_contact_field field_id=&#8221;Name_2&#8243; field_title=&#8221;N\u00e9v&#8221; fullwidth_field=&#8221;on&#8221; _builder_version=&#8221;3.21.1&#8243; border_radii=&#8221;on||||&#8221; custom_margin=&#8221;||20px|&#8221; button_text_size__hover_enabled=&#8221;off&#8221; button_one_text_size__hover_enabled=&#8221;off&#8221; button_two_text_size__hover_enabled=&#8221;off&#8221; button_text_color__hover_enabled=&#8221;off&#8221; button_one_text_color__hover_enabled=&#8221;off&#8221; button_two_text_color__hover_enabled=&#8221;off&#8221; button_border_width__hover_enabled=&#8221;off&#8221; button_one_border_width__hover_enabled=&#8221;off&#8221; button_two_border_width__hover_enabled=&#8221;off&#8221; button_border_color__hover_enabled=&#8221;off&#8221; button_one_border_color__hover_enabled=&#8221;off&#8221; button_two_border_color__hover_enabled=&#8221;off&#8221; button_border_radius__hover_enabled=&#8221;off&#8221; button_one_border_radius__hover_enabled=&#8221;off&#8221; button_two_border_radius__hover_enabled=&#8221;off&#8221; button_letter_spacing__hover_enabled=&#8221;off&#8221; button_one_letter_spacing__hover_enabled=&#8221;off&#8221; button_two_letter_spacing__hover_enabled=&#8221;off&#8221; button_bg_color__hover_enabled=&#8221;off&#8221; button_one_bg_color__hover_enabled=&#8221;off&#8221; button_two_bg_color__hover_enabled=&#8221;off&#8221;][\/et_pb_contact_field][et_pb_contact_field field_id=&#8221;Email&#8221; field_title=&#8221;Email c\u00edm&#8221; field_type=&#8221;email&#8221; fullwidth_field=&#8221;on&#8221; _builder_version=&#8221;3.21.1&#8243; border_radii=&#8221;on||||&#8221; custom_margin=&#8221;||20px|&#8221; button_text_size__hover_enabled=&#8221;off&#8221; button_one_text_size__hover_enabled=&#8221;off&#8221; button_two_text_size__hover_enabled=&#8221;off&#8221; button_text_color__hover_enabled=&#8221;off&#8221; button_one_text_color__hover_enabled=&#8221;off&#8221; button_two_text_color__hover_enabled=&#8221;off&#8221; button_border_width__hover_enabled=&#8221;off&#8221; button_one_border_width__hover_enabled=&#8221;off&#8221; button_two_border_width__hover_enabled=&#8221;off&#8221; button_border_color__hover_enabled=&#8221;off&#8221; button_one_border_color__hover_enabled=&#8221;off&#8221; button_two_border_color__hover_enabled=&#8221;off&#8221; button_border_radius__hover_enabled=&#8221;off&#8221; button_one_border_radius__hover_enabled=&#8221;off&#8221; button_two_border_radius__hover_enabled=&#8221;off&#8221; button_letter_spacing__hover_enabled=&#8221;off&#8221; button_one_letter_spacing__hover_enabled=&#8221;off&#8221; button_two_letter_spacing__hover_enabled=&#8221;off&#8221; button_bg_color__hover_enabled=&#8221;off&#8221; button_one_bg_color__hover_enabled=&#8221;off&#8221; button_two_bg_color__hover_enabled=&#8221;off&#8221;][\/et_pb_contact_field][et_pb_contact_field field_id=&#8221;phone&#8221; field_title=&#8221;Telefonsz\u00e1m&#8221; field_type=&#8221;email&#8221; fullwidth_field=&#8221;on&#8221; _builder_version=&#8221;3.21.1&#8243; border_radii=&#8221;on||||&#8221; custom_margin=&#8221;||20px|&#8221; button_text_size__hover_enabled=&#8221;off&#8221; button_one_text_size__hover_enabled=&#8221;off&#8221; button_two_text_size__hover_enabled=&#8221;off&#8221; button_text_color__hover_enabled=&#8221;off&#8221; button_one_text_color__hover_enabled=&#8221;off&#8221; button_two_text_color__hover_enabled=&#8221;off&#8221; button_border_width__hover_enabled=&#8221;off&#8221; button_one_border_width__hover_enabled=&#8221;off&#8221; button_two_border_width__hover_enabled=&#8221;off&#8221; button_border_color__hover_enabled=&#8221;off&#8221; button_one_border_color__hover_enabled=&#8221;off&#8221; button_two_border_color__hover_enabled=&#8221;off&#8221; button_border_radius__hover_enabled=&#8221;off&#8221; button_one_border_radius__hover_enabled=&#8221;off&#8221; button_two_border_radius__hover_enabled=&#8221;off&#8221; button_letter_spacing__hover_enabled=&#8221;off&#8221; button_one_letter_spacing__hover_enabled=&#8221;off&#8221; button_two_letter_spacing__hover_enabled=&#8221;off&#8221; button_bg_color__hover_enabled=&#8221;off&#8221; button_one_bg_color__hover_enabled=&#8221;off&#8221; button_two_bg_color__hover_enabled=&#8221;off&#8221;][\/et_pb_contact_field][et_pb_contact_field field_id=&#8221;Message&#8221; field_title=&#8221;\u00dczenet&#8221; field_type=&#8221;text&#8221; fullwidth_field=&#8221;on&#8221; _builder_version=&#8221;3.21.1&#8243; border_radii=&#8221;on||||&#8221; custom_margin=&#8221;||20px|&#8221; button_text_size__hover_enabled=&#8221;off&#8221; button_one_text_size__hover_enabled=&#8221;off&#8221; button_two_text_size__hover_enabled=&#8221;off&#8221; button_text_color__hover_enabled=&#8221;off&#8221; button_one_text_color__hover_enabled=&#8221;off&#8221; button_two_text_color__hover_enabled=&#8221;off&#8221; button_border_width__hover_enabled=&#8221;off&#8221; button_one_border_width__hover_enabled=&#8221;off&#8221; button_two_border_width__hover_enabled=&#8221;off&#8221; button_border_color__hover_enabled=&#8221;off&#8221; button_one_border_color__hover_enabled=&#8221;off&#8221; button_two_border_color__hover_enabled=&#8221;off&#8221; button_border_radius__hover_enabled=&#8221;off&#8221; button_one_border_radius__hover_enabled=&#8221;off&#8221; button_two_border_radius__hover_enabled=&#8221;off&#8221; button_letter_spacing__hover_enabled=&#8221;off&#8221; button_one_letter_spacing__hover_enabled=&#8221;off&#8221; button_two_letter_spacing__hover_enabled=&#8221;off&#8221; button_bg_color__hover_enabled=&#8221;off&#8221; button_one_bg_color__hover_enabled=&#8221;off&#8221; button_two_bg_color__hover_enabled=&#8221;off&#8221;][\/et_pb_contact_field][\/et_pb_contact_form][\/et_pb_column][\/et_pb_section][et_pb_section fb_built=&#8221;1&#8243; _builder_version=&#8221;3.22.3&#8243; custom_padding=&#8221;0|0px|0|0px|false|false&#8221;][et_pb_row use_custom_gutter=&#8221;on&#8221; gutter_width=&#8221;1&#8243; custom_padding=&#8221;0|0px|0|0px|false|false&#8221; module_class=&#8221; et_pb_row_fullwidth&#8221; _builder_version=&#8221;3.22.3&#8243; width=&#8221;100%&#8221; width_tablet=&#8221;100%&#8221; width_last_edited=&#8221;on|desktop&#8221; max_width=&#8221;100%&#8221; max_width_tablet=&#8221;100%&#8221; max_width_last_edited=&#8221;on|desktop&#8221; make_fullwidth=&#8221;on&#8221;][et_pb_column type=&#8221;4_4&#8243; _builder_version=&#8221;3.21.1&#8243;][et_pb_image src=&#8221;https:\/\/cdn.hellowp.io\/wp-content\/uploads\/2019\/03\/company-2-lore2m.png&#8221; align=&#8221;center&#8221; _builder_version=&#8221;3.21.1&#8243;][\/et_pb_image][\/et_pb_column][\/et_pb_row][\/et_pb_section]<\/p>\n","protected":false},"excerpt":{"rendered":"<p>[et_pb_section fb_built=&#8221;1&#8243; _builder_version=&#8221;3.22.7&#8243; background_image=&#8221;http:\/\/ingatlanugyved.hu\/wp-content\/uploads\/2021\/02\/hatter-ewf2.jpg&#8221; custom_padding=&#8221;35px|0px|0|0px|false|false&#8221;][et_pb_row custom_padding=&#8221;27px|0px|0|0px|false|false&#8221; _builder_version=&#8221;3.22.3&#8243;][et_pb_column type=&#8221;4_4&#8243; _builder_version=&#8221;3.21.1&#8243;][et_pb_text _builder_version=&#8221;3.21.1&#8243; text_font=&#8221;||||||||&#8221; text_text_color=&#8221;#cc2002&#8243; text_font_size=&#8221;20px&#8221; header_font=&#8221;||||||||&#8221; header_text_color=&#8221;#ffffff&#8221; header_font_size=&#8221;45px&#8221;] Szolg\u00e1ltat\u00e1sok Lorem ipsum dolor sit amet &nbsp; [\/et_pb_text][\/et_pb_column][\/et_pb_row][\/et_pb_section][et_pb_section fb_built=&#8221;1&#8243; _builder_version=&#8221;3.22.3&#8243; parallax=&#8221;on&#8221; border_color_bottom=&#8221;#e8e8e8&#8243; custom_padding=&#8221;45px|0px|45px|0px|true|false&#8221;][et_pb_row use_custom_gutter=&#8221;on&#8221; gutter_width=&#8221;2&#8243; custom_padding=&#8221;27px|0px|15px|0px|false|false&#8221; make_equal=&#8221;on&#8221; _builder_version=&#8221;3.22.3&#8243;][et_pb_column type=&#8221;1_2&#8243; _builder_version=&#8221;3.17.1&#8243;][et_pb_text admin_label=&#8221;Text h1 header&#8221; _builder_version=&#8221;3.0.89&#8243; header_font=&#8221;|700|||||||&#8221; header_font_size=&#8221;35px&#8221; header_font_size_tablet=&#8221;33px&#8221; header_font_size_phone=&#8221;27px&#8221; header_font_size_last_edited=&#8221;on|phone&#8221; custom_margin=&#8221;||20px|&#8221;] Lorem ipsum dolor sit [\/et_pb_text][et_pb_text _builder_version=&#8221;3.21.1&#8243;] Lorem ipsum dolor [&hellip;]<\/p>\n","protected":false},"author":1,"featured_media":0,"parent":0,"menu_order":0,"comment_status":"closed","ping_status":"closed","template":"","meta":{"_et_pb_use_builder":"on","_et_pb_old_content":"","_et_gb_content_width":"","footnotes":""},"class_list":["post-197","page","type-page","status-publish","hentry"],"_links":{"self":[{"href":"http:\/\/ingatlanugyved.hu\/index.php\/wp-json\/wp\/v2\/pages\/197","targetHints":{"allow":["GET"]}}],"collection":[{"href":"http:\/\/ingatlanugyved.hu\/index.php\/wp-json\/wp\/v2\/pages"}],"about":[{"href":"http:\/\/ingatlanugyved.hu\/index.php\/wp-json\/wp\/v2\/types\/page"}],"author":[{"embeddable":true,"href":"http:\/\/ingatlanugyved.hu\/index.php\/wp-json\/wp\/v2\/users\/1"}],"replies":[{"embeddable":true,"href":"http:\/\/ingatlanugyved.hu\/index.php\/wp-json\/wp\/v2\/comments?post=197"}],"version-history":[{"count":1,"href":"http:\/\/ingatlanugyved.hu\/index.php\/wp-json\/wp\/v2\/pages\/197\/revisions"}],"predecessor-version":[{"id":476,"href":"http:\/\/ingatlanugyved.hu\/index.php\/wp-json\/wp\/v2\/pages\/197\/revisions\/476"}],"wp:attachment":[{"href":"http:\/\/ingatlanugyved.hu\/index.php\/wp-json\/wp\/v2\/media?parent=197"}],"curies":[{"name":"wp","href":"https:\/\/api.w.org\/{rel}","templated":true}]}}